{"id":13624,"date":"2021-06-17T07:42:37","date_gmt":"2021-06-17T06:42:37","guid":{"rendered":"https:\/\/apiariosdacamacha.pt\/a-propos-de-nous\/"},"modified":"2025-01-20T18:01:49","modified_gmt":"2025-01-20T18:01:49","slug":"a-propos-de-nous","status":"publish","type":"page","link":"https:\/\/apiariosdacamacha.pt\/fr\/a-propos-de-nous\/","title":{"rendered":"\u00c0 propos de nous"},"content":{"rendered":"\t\t<div data-elementor-type=\"wp-page\" data-elementor-id=\"13624\" class=\"elementor elementor-13624 elementor-4415\">\n\t\t\t\t\t\t<section class=\"elementor-section elementor-top-section elementor-element elementor-element-7dc83cb elementor-section-full_width elementor-section-height-default elementor-section-height-default qodef-backgound-letter-holder-no qodef-elementor-content-no\" data-id=\"7dc83cb\" data-element_type=\"section\" data-e-type=\"section\">\n\t\t\t\t\t\t<div class=\"elementor-container elementor-column-gap-default\">\n\t\t\t\t\t<div class=\"elementor-column elementor-col-50 elementor-top-column elementor-element elementor-element-7dd9504\" data-id=\"7dd9504\" data-element_type=\"column\" data-e-type=\"column\">\n\t\t\t<div class=\"elementor-widget-wrap elementor-element-populated\">\n\t\t\t\t\t\t<div class=\"elementor-element elementor-element-5c9c7de elementor-widget elementor-widget-laurits_core_section_title\" data-id=\"5c9c7de\" data-element_type=\"widget\" data-e-type=\"widget\" data-widget_type=\"laurits_core_section_title.default\">\n\t\t\t\t<div class=\"elementor-widget-container\">\n\t\t\t\t\t<div class=\"qodef-shortcode qodef-m  qodef-section-title qodef-alignment--left  qodef-appear-animation--no \">\n\t\t<span class=\"qodef-m-tagline\" > <\/span>\n\t\t<h2 class=\"qodef-m-title\" style=\"margin-top: 15px\">\n\t\t\t\t\t\u00c0 propos de nous\t\t\t<\/h2>\n\t\t\t<div class=\"qodef-m-button\">\n\t\t\t<\/div>\n<\/div>\n\t\t\t\t<\/div>\n\t\t\t\t<\/div>\n\t\t\t\t<section class=\"elementor-section elementor-inner-section elementor-element elementor-element-2d013ae elementor-section-full_width elementor-section-height-default elementor-section-height-default qodef-backgound-letter-holder-no qodef-elementor-content-no\" data-id=\"2d013ae\" data-element_type=\"section\" data-e-type=\"section\">\n\t\t\t\t\t\t<div class=\"elementor-container elementor-column-gap-default\">\n\t\t\t\t\t<div class=\"elementor-column elementor-col-50 elementor-inner-column elementor-element elementor-element-ea49944\" data-id=\"ea49944\" data-element_type=\"column\" data-e-type=\"column\">\n\t\t\t<div class=\"elementor-widget-wrap elementor-element-populated\">\n\t\t\t\t\t\t<div class=\"elementor-element elementor-element-198756cb elementor-widget__width-initial elementor-widget-tablet__width-inherit elementor-widget elementor-widget-laurits_core_info_section\" data-id=\"198756cb\" data-element_type=\"widget\" data-e-type=\"widget\" data-widget_type=\"laurits_core_info_section.default\">\n\t\t\t\t<div class=\"elementor-widget-container\">\n\t\t\t\t\t<div class=\"qodef-shortcode qodef-m  qodef-info-section qodef-info-section-23 qodef-layout--default  qodef-title-break--disabled qodef-appear-animation--no qodef-zoom-scroll-animation--no\" >\n\t<div class=\"qodef-m-info qodef-info-top-align\">\n\t\t\t\t\t<h3 class=\"qodef-m-title\" >\n\t\tFond\u00e9e dans les ann\u00e9es 80\t<\/h3>\n\t\t\t<p class=\"qodef-m-text\" >dans le village de Camacha, dans le but de produire du miel d'abeille de haute qualit\u00e9 \u00e0 partir de ses propres ruches. Au fil du temps, le d\u00e9fi d'une production exc\u00e9dentaire s'est transform\u00e9 en une opportunit\u00e9 d'\u00e9laborer des boissons typiques de Mad\u00e8re, bas\u00e9es sur un m\u00e9lange d'alcool de canne \u00e0 sucre et de miel...<\/p>\n\t\t\t<\/div>\n\t<div class=\"qodef-m-info-bottom\">\n\t\t\t\t<div class=\"qodef-m-item qodef-e\">\n\t<div class=\"qodef-shortcode qodef-m  qodef-social-links qodef-items-direction--vertical qodef-items-underline qodef-items-align--left qodef-appear-animation--no\" data-appearing-delay=\"0\">\t<div class=\"qodef-m-items\">\t\t\t<\/div><\/div><\/div>\t<\/div>\n<\/div>\n\t\t\t\t<\/div>\n\t\t\t\t<\/div>\n\t\t\t\t\t<\/div>\n\t\t<\/div>\n\t\t\t\t<div class=\"elementor-column elementor-col-50 elementor-inner-column elementor-element elementor-element-a36884c\" data-id=\"a36884c\" data-element_type=\"column\" data-e-type=\"column\">\n\t\t\t<div class=\"elementor-widget-wrap elementor-element-populated\">\n\t\t\t\t\t\t<div class=\"elementor-element elementor-element-738730b elementor-widget__width-initial elementor-widget-tablet__width-inherit elementor-widget elementor-widget-laurits_core_info_section\" data-id=\"738730b\" data-element_type=\"widget\" data-e-type=\"widget\" data-widget_type=\"laurits_core_info_section.default\">\n\t\t\t\t<div class=\"elementor-widget-container\">\n\t\t\t\t\t<div class=\"qodef-shortcode qodef-m  qodef-info-section qodef-info-section-132 qodef-layout--default  qodef-title-break--disabled qodef-appear-animation--no qodef-zoom-scroll-animation--no\" >\n\t<div class=\"qodef-m-info qodef-info-top-align\">\n\t\t\t\t\t<h3 class=\"qodef-m-title\" >\n\t\tUne pionni\u00e8re\t<\/h3>\n\t\t\t<p class=\"qodef-m-text\" >dans la production et la commercialisation de poncha en bouteille, devenant ainsi une r\u00e9f\u00e9rence r\u00e9gionale qui permet aux Mad\u00e9riens et \u00e0 ceux qui nous rendent visite de d\u00e9couvrir une poncha traditionnelle aux saveurs uniques...<\/p>\n\t\t\t<\/div>\n\t<div class=\"qodef-m-info-bottom\">\n\t\t\t\t<div class=\"qodef-m-item qodef-e\">\n\t<div class=\"qodef-shortcode qodef-m  qodef-social-links qodef-items-direction--vertical qodef-items-underline qodef-items-align--left qodef-appear-animation--no\" data-appearing-delay=\"0\">\t<div class=\"qodef-m-items\">\t\t\t<\/div><\/div><\/div>\t<\/div>\n<\/div>\n\t\t\t\t<\/div>\n\t\t\t\t<\/div>\n\t\t\t\t\t<\/div>\n\t\t<\/div>\n\t\t\t\t\t<\/div>\n\t\t<\/section>\n\t\t\t\t\t<\/div>\n\t\t<\/div>\n\t\t\t\t<div class=\"elementor-column elementor-col-50 elementor-top-column elementor-element elementor-element-d533ada\" data-id=\"d533ada\" data-element_type=\"column\" data-e-type=\"column\">\n\t\t\t<div class=\"elementor-widget-wrap elementor-element-populated\">\n\t\t\t\t\t\t<div class=\"elementor-element elementor-element-115bdf8 elementor-widget__width-auto elementor-widget elementor-widget-laurits_core_single_image\" data-id=\"115bdf8\" data-element_type=\"widget\" data-e-type=\"widget\" data-widget_type=\"laurits_core_single_image.default\">\n\t\t\t\t<div class=\"elementor-widget-container\">\n\t\t\t\t\t<div class=\"qodef-shortcode qodef-m  qodef-single-image qodef-single-image-858 qodef-layout--default  qodef-appear-animation--no qodef-zoom-scroll-animation--no\" data-appearing-delay=\"0\">\n\t<div class=\"qodef-m-image\">\n\t\t\t\t\t<img fetchpriority=\"high\" decoding=\"async\" width=\"1200\" height=\"500\" src=\"https:\/\/apiariosdacamacha.pt\/wp-content\/uploads\/2025\/01\/logo-apiarios-trace.png\" class=\"attachment-full size-full\" alt=\"\" srcset=\"https:\/\/apiariosdacamacha.pt\/wp-content\/uploads\/2025\/01\/logo-apiarios-trace.png 1200w, https:\/\/apiariosdacamacha.pt\/wp-content\/uploads\/2025\/01\/logo-apiarios-trace-300x125.png 300w, https:\/\/apiariosdacamacha.pt\/wp-content\/uploads\/2025\/01\/logo-apiarios-trace-1024x427.png 1024w, https:\/\/apiariosdacamacha.pt\/wp-content\/uploads\/2025\/01\/logo-apiarios-trace-768x320.png 768w\" sizes=\"(max-width: 1200px) 100vw, 1200px\" \/>\t\t\t<\/div>\n<\/div>\n\t\t\t\t<\/div>\n\t\t\t\t<\/div>\n\t\t\t\t\t<\/div>\n\t\t<\/div>\n\t\t\t\t\t<\/div>\n\t\t<\/section>\n\t\t\t\t<section class=\"elementor-section elementor-top-section elementor-element elementor-element-2b28f204 elementor-section-full_width elementor-section-height-min-height elementor-section-items-stretch elementor-reverse-tablet elementor-reverse-mobile elementor-section-height-default qodef-backgound-letter-holder-no qodef-elementor-content-no\" data-id=\"2b28f204\" data-element_type=\"section\" data-e-type=\"section\" data-settings=\"{&quot;background_background&quot;:&quot;classic&quot;}\">\n\t\t\t\t\t\t<div class=\"elementor-container elementor-column-gap-default\">\n\t\t\t\t\t<div class=\"elementor-column elementor-col-50 elementor-top-column elementor-element elementor-element-3637a766\" data-id=\"3637a766\" data-element_type=\"column\" data-e-type=\"column\" data-settings=\"{&quot;background_background&quot;:&quot;classic&quot;}\">\n\t\t\t<div class=\"elementor-widget-wrap elementor-element-populated\">\n\t\t\t\t\t\t<div class=\"elementor-element elementor-element-281702e elementor-widget elementor-widget-image\" data-id=\"281702e\" data-element_type=\"widget\" data-e-type=\"widget\" data-widget_type=\"image.default\">\n\t\t\t\t<div class=\"elementor-widget-container\">\n\t\t\t\t\t\t\t\t\t\t\t\t\t\t\t<img decoding=\"async\" width=\"650\" height=\"650\" src=\"https:\/\/apiariosdacamacha.pt\/wp-content\/uploads\/2025\/01\/apiarios-chef-julio-pereira-650x650.jpg\" class=\"attachment-qi_addons_for_elementor_image_size_square size-qi_addons_for_elementor_image_size_square wp-image-13579\" alt=\"\" srcset=\"https:\/\/apiariosdacamacha.pt\/wp-content\/uploads\/2025\/01\/apiarios-chef-julio-pereira-650x650.jpg 650w, https:\/\/apiariosdacamacha.pt\/wp-content\/uploads\/2025\/01\/apiarios-chef-julio-pereira-150x150.jpg 150w\" sizes=\"(max-width: 650px) 100vw, 650px\" \/>\t\t\t\t\t\t\t\t\t\t\t\t\t\t\t<\/div>\n\t\t\t\t<\/div>\n\t\t\t\t\t<\/div>\n\t\t<\/div>\n\t\t\t\t<div class=\"elementor-column elementor-col-50 elementor-top-column elementor-element elementor-element-433883d2\" data-id=\"433883d2\" data-element_type=\"column\" data-e-type=\"column\" data-settings=\"{&quot;background_background&quot;:&quot;classic&quot;}\">\n\t\t\t<div class=\"elementor-widget-wrap elementor-element-populated\">\n\t\t\t\t\t\t<div class=\"elementor-element elementor-element-53d4eda elementor-widget__width-initial elementor-widget-tablet__width-inherit elementor-widget elementor-widget-laurits_core_info_section\" data-id=\"53d4eda\" data-element_type=\"widget\" data-e-type=\"widget\" data-widget_type=\"laurits_core_info_section.default\">\n\t\t\t\t<div class=\"elementor-widget-container\">\n\t\t\t\t\t<div class=\"qodef-shortcode qodef-m  qodef-info-section qodef-info-section-253 qodef-layout--default  qodef-title-break--disabled qodef-appear-animation--no qodef-zoom-scroll-animation--no\" >\n\t<div class=\"qodef-m-info qodef-info-top-align\">\n\t\t\t<span class=\"qodef-m-tagline\" >\n\t\t \t<\/span>\n\t\t\t<h3 class=\"qodef-m-title\" >\n\t\tDepuis 50 ans<br \/>\t<\/h3>\n\t\t\t<p class=\"qodef-m-text\" >elle a continu\u00e9 \u00e0 mettre l'accent sur la diversification et la qualit\u00e9 de ses produits, en d\u00e9veloppant sa propre gamme de rhums, ainsi que des liqueurs traditionnelles...<\/p>\n\t\t\t<\/div>\n\t<div class=\"qodef-m-info-bottom\">\n\t\t\t\t<div class=\"qodef-m-item qodef-e\">\n\t<div class=\"qodef-shortcode qodef-m  qodef-social-links qodef-items-direction--vertical qodef-items-underline qodef-items-align--left qodef-appear-animation--no\" data-appearing-delay=\"0\">\t<div class=\"qodef-m-items\">\t\t\t<\/div><\/div><\/div>\t<\/div>\n<\/div>\n\t\t\t\t<\/div>\n\t\t\t\t<\/div>\n\t\t\t\t<div class=\"elementor-element elementor-element-ad552a9 elementor-widget__width-initial elementor-widget-tablet__width-inherit elementor-widget elementor-widget-laurits_core_info_section\" data-id=\"ad552a9\" data-element_type=\"widget\" data-e-type=\"widget\" data-widget_type=\"laurits_core_info_section.default\">\n\t\t\t\t<div class=\"elementor-widget-container\">\n\t\t\t\t\t<div class=\"qodef-shortcode qodef-m  qodef-info-section qodef-info-section-613 qodef-layout--default  qodef-title-break--disabled qodef-appear-animation--no qodef-zoom-scroll-animation--no\" >\n\t<div class=\"qodef-m-info qodef-info-top-align\">\n\t\t\t\t\t<h3 class=\"qodef-m-title\" >\n\t\tEt aujourd'hui\t<\/h3>\n\t\t\t<p class=\"qodef-m-text\" >Apr\u00e8s avoir \u00e9t\u00e9 rachet\u00e9e en janvier 2023, l'entreprise a entam\u00e9 une nouvelle \u00e9tape sous la direction du chef J\u00falio Pereira, \u00e9galement propri\u00e9taire de Ch\u00e1bom, sp\u00e9cialis\u00e9 dans les sucreries r\u00e9gionales. Avec la vision du chef J\u00falio, ils maintiennent vivante la tradition qui d\u00e9finit l'\u00eele de Mad\u00e8re, tout en continuant \u00e0 innover et \u00e0 promouvoir ses saveurs authentiques.<\/p>\n\t\t\t<\/div>\n\t<div class=\"qodef-m-info-bottom\">\n\t\t\t\t<div class=\"qodef-m-item qodef-e\">\n\t<div class=\"qodef-shortcode qodef-m  qodef-social-links qodef-items-direction--vertical qodef-items-underline qodef-items-align--left qodef-appear-animation--no\" data-appearing-delay=\"0\">\t<div class=\"qodef-m-items\">\t\t\t<\/div><\/div><\/div>\t<\/div>\n<\/div>\n\t\t\t\t<\/div>\n\t\t\t\t<\/div>\n\t\t\t\t\t<\/div>\n\t\t<\/div>\n\t\t\t\t\t<\/div>\n\t\t<\/section>\n\t\t\t\t<section class=\"elementor-section elementor-top-section elementor-element elementor-element-1a3197f elementor-section-full_width elementor-section-height-default elementor-section-height-default qodef-backgound-letter-holder-no qodef-elementor-content-no\" data-id=\"1a3197f\" data-element_type=\"section\" data-e-type=\"section\">\n\t\t\t\t\t\t<div class=\"elementor-container elementor-column-gap-default\">\n\t\t\t\t\t<div class=\"elementor-column elementor-col-100 elementor-top-column elementor-element elementor-element-10e9ecc\" data-id=\"10e9ecc\" data-element_type=\"column\" data-e-type=\"column\">\n\t\t\t<div class=\"elementor-widget-wrap elementor-element-populated\">\n\t\t\t\t\t\t<div class=\"elementor-element elementor-element-36f1e5e elementor-widget elementor-widget-spacer\" data-id=\"36f1e5e\" data-element_type=\"widget\" data-e-type=\"widget\" data-widget_type=\"spacer.default\">\n\t\t\t\t<div class=\"elementor-widget-container\">\n\t\t\t\t\t\t\t<div class=\"elementor-spacer\">\n\t\t\t<div class=\"elementor-spacer-inner\"><\/div>\n\t\t<\/div>\n\t\t\t\t\t\t<\/div>\n\t\t\t\t<\/div>\n\t\t\t\t\t<\/div>\n\t\t<\/div>\n\t\t\t\t\t<\/div>\n\t\t<\/section>\n\t\t\t\t<\/div>\n\t\t","protected":false},"excerpt":{"rendered":"<p>\u00c0 propos de nous Fond\u00e9e dans les ann\u00e9es 80 dans le village de Camacha, dans le but de produire du miel d&rsquo;abeille de haute qualit\u00e9 \u00e0 partir de ses propres ruches. Au fil du temps, le d\u00e9fi d&rsquo;une production exc\u00e9dentaire s&rsquo;est transform\u00e9 en une opportunit\u00e9 d&rsquo;\u00e9laborer des boissons typiques de Mad\u00e8re, bas\u00e9es sur un m\u00e9lange [&hellip;]<\/p>\n","protected":false},"author":1,"featured_media":0,"parent":0,"menu_order":0,"comment_status":"closed","ping_status":"closed","template":"page-full-width.php","meta":{"footnotes":""},"class_list":["post-13624","page","type-page","status-publish","hentry"],"_links":{"self":[{"href":"https:\/\/apiariosdacamacha.pt\/fr\/wp-json\/wp\/v2\/pages\/13624","targetHints":{"allow":["GET"]}}],"collection":[{"href":"https:\/\/apiariosdacamacha.pt\/fr\/wp-json\/wp\/v2\/pages"}],"about":[{"href":"https:\/\/apiariosdacamacha.pt\/fr\/wp-json\/wp\/v2\/types\/page"}],"author":[{"embeddable":true,"href":"https:\/\/apiariosdacamacha.pt\/fr\/wp-json\/wp\/v2\/users\/1"}],"replies":[{"embeddable":true,"href":"https:\/\/apiariosdacamacha.pt\/fr\/wp-json\/wp\/v2\/comments?post=13624"}],"version-history":[{"count":4,"href":"https:\/\/apiariosdacamacha.pt\/fr\/wp-json\/wp\/v2\/pages\/13624\/revisions"}],"predecessor-version":[{"id":13759,"href":"https:\/\/apiariosdacamacha.pt\/fr\/wp-json\/wp\/v2\/pages\/13624\/revisions\/13759"}],"wp:attachment":[{"href":"https:\/\/apiariosdacamacha.pt\/fr\/wp-json\/wp\/v2\/media?parent=13624"}],"curies":[{"name":"wp","href":"https:\/\/api.w.org\/{rel}","templated":true}]}}