{"id":13574,"date":"2021-06-17T07:42:37","date_gmt":"2021-06-17T06:42:37","guid":{"rendered":"https:\/\/apiariosdacamacha.pt\/about-us\/"},"modified":"2025-01-20T18:01:49","modified_gmt":"2025-01-20T18:01:49","slug":"about-us","status":"publish","type":"page","link":"https:\/\/apiariosdacamacha.pt\/en\/about-us\/","title":{"rendered":"About us"},"content":{"rendered":"\t\t<div data-elementor-type=\"wp-page\" data-elementor-id=\"13574\" class=\"elementor elementor-13574 elementor-4415\">\n\t\t\t\t\t\t<section class=\"elementor-section elementor-top-section elementor-element elementor-element-7dc83cb elementor-section-full_width elementor-section-height-default elementor-section-height-default qodef-backgound-letter-holder-no qodef-elementor-content-no\" data-id=\"7dc83cb\" data-element_type=\"section\" data-e-type=\"section\">\n\t\t\t\t\t\t<div class=\"elementor-container elementor-column-gap-default\">\n\t\t\t\t\t<div class=\"elementor-column elementor-col-50 elementor-top-column elementor-element elementor-element-7dd9504\" data-id=\"7dd9504\" data-element_type=\"column\" data-e-type=\"column\">\n\t\t\t<div class=\"elementor-widget-wrap elementor-element-populated\">\n\t\t\t\t\t\t<div class=\"elementor-element elementor-element-5c9c7de elementor-widget elementor-widget-laurits_core_section_title\" data-id=\"5c9c7de\" data-element_type=\"widget\" data-e-type=\"widget\" data-widget_type=\"laurits_core_section_title.default\">\n\t\t\t\t<div class=\"elementor-widget-container\">\n\t\t\t\t\t<div class=\"qodef-shortcode qodef-m  qodef-section-title qodef-alignment--left  qodef-appear-animation--no \">\n\t\t<span class=\"qodef-m-tagline\" > <\/span>\n\t\t<h2 class=\"qodef-m-title\" style=\"margin-top: 15px\">\n\t\t\t\t\tAbout us\t\t\t<\/h2>\n\t\t\t<div class=\"qodef-m-button\">\n\t\t\t<\/div>\n<\/div>\n\t\t\t\t<\/div>\n\t\t\t\t<\/div>\n\t\t\t\t<section class=\"elementor-section elementor-inner-section elementor-element elementor-element-2d013ae elementor-section-full_width elementor-section-height-default elementor-section-height-default qodef-backgound-letter-holder-no qodef-elementor-content-no\" data-id=\"2d013ae\" data-element_type=\"section\" data-e-type=\"section\">\n\t\t\t\t\t\t<div class=\"elementor-container elementor-column-gap-default\">\n\t\t\t\t\t<div class=\"elementor-column elementor-col-50 elementor-inner-column elementor-element elementor-element-ea49944\" data-id=\"ea49944\" data-element_type=\"column\" data-e-type=\"column\">\n\t\t\t<div class=\"elementor-widget-wrap elementor-element-populated\">\n\t\t\t\t\t\t<div class=\"elementor-element elementor-element-198756cb elementor-widget__width-initial elementor-widget-tablet__width-inherit elementor-widget elementor-widget-laurits_core_info_section\" data-id=\"198756cb\" data-element_type=\"widget\" data-e-type=\"widget\" data-widget_type=\"laurits_core_info_section.default\">\n\t\t\t\t<div class=\"elementor-widget-container\">\n\t\t\t\t\t<div class=\"qodef-shortcode qodef-m  qodef-info-section qodef-info-section-431 qodef-layout--default  qodef-title-break--disabled qodef-appear-animation--no qodef-zoom-scroll-animation--no\" >\n\t<div class=\"qodef-m-info qodef-info-top-align\">\n\t\t\t\t\t<h3 class=\"qodef-m-title\" >\n\t\tFounded in the 80's\t<\/h3>\n\t\t\t<p class=\"qodef-m-text\" >in Camacha village, with the aim of producing hight quality bee honey from its own hives. Over time, a challenge of excess production turned into an opportunity to craft typical Madeiran drinks, based on a mix of sugarcane spirit with honey...<\/p>\n\t\t\t<\/div>\n\t<div class=\"qodef-m-info-bottom\">\n\t\t\t\t<div class=\"qodef-m-item qodef-e\">\n\t<div class=\"qodef-shortcode qodef-m  qodef-social-links qodef-items-direction--vertical qodef-items-underline qodef-items-align--left qodef-appear-animation--no\" data-appearing-delay=\"0\">\t<div class=\"qodef-m-items\">\t\t\t<\/div><\/div><\/div>\t<\/div>\n<\/div>\n\t\t\t\t<\/div>\n\t\t\t\t<\/div>\n\t\t\t\t\t<\/div>\n\t\t<\/div>\n\t\t\t\t<div class=\"elementor-column elementor-col-50 elementor-inner-column elementor-element elementor-element-a36884c\" data-id=\"a36884c\" data-element_type=\"column\" data-e-type=\"column\">\n\t\t\t<div class=\"elementor-widget-wrap elementor-element-populated\">\n\t\t\t\t\t\t<div class=\"elementor-element elementor-element-738730b elementor-widget__width-initial elementor-widget-tablet__width-inherit elementor-widget elementor-widget-laurits_core_info_section\" data-id=\"738730b\" data-element_type=\"widget\" data-e-type=\"widget\" data-widget_type=\"laurits_core_info_section.default\">\n\t\t\t\t<div class=\"elementor-widget-container\">\n\t\t\t\t\t<div class=\"qodef-shortcode qodef-m  qodef-info-section qodef-info-section-556 qodef-layout--default  qodef-title-break--disabled qodef-appear-animation--no qodef-zoom-scroll-animation--no\" >\n\t<div class=\"qodef-m-info qodef-info-top-align\">\n\t\t\t\t\t<h3 class=\"qodef-m-title\" >\n\t\tA pioneer\t<\/h3>\n\t\t\t<p class=\"qodef-m-text\" >in the production and commercialization of bottled poncha,becoming a regional reference that allows Madeirans and those who visit us to experience a traditional poncha with unique flavors...<\/p>\n\t\t\t<\/div>\n\t<div class=\"qodef-m-info-bottom\">\n\t\t\t\t<div class=\"qodef-m-item qodef-e\">\n\t<div class=\"qodef-shortcode qodef-m  qodef-social-links qodef-items-direction--vertical qodef-items-underline qodef-items-align--left qodef-appear-animation--no\" data-appearing-delay=\"0\">\t<div class=\"qodef-m-items\">\t\t\t<\/div><\/div><\/div>\t<\/div>\n<\/div>\n\t\t\t\t<\/div>\n\t\t\t\t<\/div>\n\t\t\t\t\t<\/div>\n\t\t<\/div>\n\t\t\t\t\t<\/div>\n\t\t<\/section>\n\t\t\t\t\t<\/div>\n\t\t<\/div>\n\t\t\t\t<div class=\"elementor-column elementor-col-50 elementor-top-column elementor-element elementor-element-d533ada\" data-id=\"d533ada\" data-element_type=\"column\" data-e-type=\"column\">\n\t\t\t<div class=\"elementor-widget-wrap elementor-element-populated\">\n\t\t\t\t\t\t<div class=\"elementor-element elementor-element-115bdf8 elementor-widget__width-auto elementor-widget elementor-widget-laurits_core_single_image\" data-id=\"115bdf8\" data-element_type=\"widget\" data-e-type=\"widget\" data-widget_type=\"laurits_core_single_image.default\">\n\t\t\t\t<div class=\"elementor-widget-container\">\n\t\t\t\t\t<div class=\"qodef-shortcode qodef-m  qodef-single-image qodef-single-image-346 qodef-layout--default  qodef-appear-animation--no qodef-zoom-scroll-animation--no\" data-appearing-delay=\"0\">\n\t<div class=\"qodef-m-image\">\n\t\t\t\t\t<img fetchpriority=\"high\" decoding=\"async\" width=\"1200\" height=\"500\" src=\"https:\/\/apiariosdacamacha.pt\/wp-content\/uploads\/2025\/01\/logo-apiarios-trace.png\" class=\"attachment-full size-full\" alt=\"\" srcset=\"https:\/\/apiariosdacamacha.pt\/wp-content\/uploads\/2025\/01\/logo-apiarios-trace.png 1200w, https:\/\/apiariosdacamacha.pt\/wp-content\/uploads\/2025\/01\/logo-apiarios-trace-300x125.png 300w, https:\/\/apiariosdacamacha.pt\/wp-content\/uploads\/2025\/01\/logo-apiarios-trace-1024x427.png 1024w, https:\/\/apiariosdacamacha.pt\/wp-content\/uploads\/2025\/01\/logo-apiarios-trace-768x320.png 768w\" sizes=\"(max-width: 1200px) 100vw, 1200px\" \/>\t\t\t<\/div>\n<\/div>\n\t\t\t\t<\/div>\n\t\t\t\t<\/div>\n\t\t\t\t\t<\/div>\n\t\t<\/div>\n\t\t\t\t\t<\/div>\n\t\t<\/section>\n\t\t\t\t<section class=\"elementor-section elementor-top-section elementor-element elementor-element-2b28f204 elementor-section-full_width elementor-section-height-min-height elementor-section-items-stretch elementor-reverse-tablet elementor-reverse-mobile elementor-section-height-default qodef-backgound-letter-holder-no qodef-elementor-content-no\" data-id=\"2b28f204\" data-element_type=\"section\" data-e-type=\"section\" data-settings=\"{&quot;background_background&quot;:&quot;classic&quot;}\">\n\t\t\t\t\t\t<div class=\"elementor-container elementor-column-gap-default\">\n\t\t\t\t\t<div class=\"elementor-column elementor-col-50 elementor-top-column elementor-element elementor-element-3637a766\" data-id=\"3637a766\" data-element_type=\"column\" data-e-type=\"column\" data-settings=\"{&quot;background_background&quot;:&quot;classic&quot;}\">\n\t\t\t<div class=\"elementor-widget-wrap elementor-element-populated\">\n\t\t\t\t\t\t<div class=\"elementor-element elementor-element-281702e elementor-widget elementor-widget-image\" data-id=\"281702e\" data-element_type=\"widget\" data-e-type=\"widget\" data-widget_type=\"image.default\">\n\t\t\t\t<div class=\"elementor-widget-container\">\n\t\t\t\t\t\t\t\t\t\t\t\t\t\t\t<img decoding=\"async\" width=\"650\" height=\"650\" src=\"https:\/\/apiariosdacamacha.pt\/wp-content\/uploads\/2025\/01\/apiarios-chef-julio-pereira-650x650.jpg\" class=\"attachment-qi_addons_for_elementor_image_size_square size-qi_addons_for_elementor_image_size_square wp-image-13579\" alt=\"\" srcset=\"https:\/\/apiariosdacamacha.pt\/wp-content\/uploads\/2025\/01\/apiarios-chef-julio-pereira-650x650.jpg 650w, https:\/\/apiariosdacamacha.pt\/wp-content\/uploads\/2025\/01\/apiarios-chef-julio-pereira-150x150.jpg 150w\" sizes=\"(max-width: 650px) 100vw, 650px\" \/>\t\t\t\t\t\t\t\t\t\t\t\t\t\t\t<\/div>\n\t\t\t\t<\/div>\n\t\t\t\t\t<\/div>\n\t\t<\/div>\n\t\t\t\t<div class=\"elementor-column elementor-col-50 elementor-top-column elementor-element elementor-element-433883d2\" data-id=\"433883d2\" data-element_type=\"column\" data-e-type=\"column\" data-settings=\"{&quot;background_background&quot;:&quot;classic&quot;}\">\n\t\t\t<div class=\"elementor-widget-wrap elementor-element-populated\">\n\t\t\t\t\t\t<div class=\"elementor-element elementor-element-53d4eda elementor-widget__width-initial elementor-widget-tablet__width-inherit elementor-widget elementor-widget-laurits_core_info_section\" data-id=\"53d4eda\" data-element_type=\"widget\" data-e-type=\"widget\" data-widget_type=\"laurits_core_info_section.default\">\n\t\t\t\t<div class=\"elementor-widget-container\">\n\t\t\t\t\t<div class=\"qodef-shortcode qodef-m  qodef-info-section qodef-info-section-156 qodef-layout--default  qodef-title-break--disabled qodef-appear-animation--no qodef-zoom-scroll-animation--no\" >\n\t<div class=\"qodef-m-info qodef-info-top-align\">\n\t\t\t<span class=\"qodef-m-tagline\" >\n\t\t \t<\/span>\n\t\t\t<h3 class=\"qodef-m-title\" >\n\t\tFor 50 years<br \/>\t<\/h3>\n\t\t\t<p class=\"qodef-m-text\" >it has continued to focus on the diversification and quality of its products, having developed its own range of rums, as well as traditional liqueurs...<\/p>\n\t\t\t<\/div>\n\t<div class=\"qodef-m-info-bottom\">\n\t\t\t\t<div class=\"qodef-m-item qodef-e\">\n\t<div class=\"qodef-shortcode qodef-m  qodef-social-links qodef-items-direction--vertical qodef-items-underline qodef-items-align--left qodef-appear-animation--no\" data-appearing-delay=\"0\">\t<div class=\"qodef-m-items\">\t\t\t<\/div><\/div><\/div>\t<\/div>\n<\/div>\n\t\t\t\t<\/div>\n\t\t\t\t<\/div>\n\t\t\t\t<div class=\"elementor-element elementor-element-ad552a9 elementor-widget__width-initial elementor-widget-tablet__width-inherit elementor-widget elementor-widget-laurits_core_info_section\" data-id=\"ad552a9\" data-element_type=\"widget\" data-e-type=\"widget\" data-widget_type=\"laurits_core_info_section.default\">\n\t\t\t\t<div class=\"elementor-widget-container\">\n\t\t\t\t\t<div class=\"qodef-shortcode qodef-m  qodef-info-section qodef-info-section-305 qodef-layout--default  qodef-title-break--disabled qodef-appear-animation--no qodef-zoom-scroll-animation--no\" >\n\t<div class=\"qodef-m-info qodef-info-top-align\">\n\t\t\t\t\t<h3 class=\"qodef-m-title\" >\n\t\tAnd today\t<\/h3>\n\t\t\t<p class=\"qodef-m-text\" >after being acquired in January 2023, the company began a new stage under the leadership of Chef J\u00falio Pereira, also owner of Ch\u00e1bom, specializing in regional sweets. With Chef J\u00falio's vision, they keep alive the tradition that defines the island of Madeira, while continuing to innovate and promote its authentic flavours.<\/p>\n\t\t\t<\/div>\n\t<div class=\"qodef-m-info-bottom\">\n\t\t\t\t<div class=\"qodef-m-item qodef-e\">\n\t<div class=\"qodef-shortcode qodef-m  qodef-social-links qodef-items-direction--vertical qodef-items-underline qodef-items-align--left qodef-appear-animation--no\" data-appearing-delay=\"0\">\t<div class=\"qodef-m-items\">\t\t\t<\/div><\/div><\/div>\t<\/div>\n<\/div>\n\t\t\t\t<\/div>\n\t\t\t\t<\/div>\n\t\t\t\t\t<\/div>\n\t\t<\/div>\n\t\t\t\t\t<\/div>\n\t\t<\/section>\n\t\t\t\t<section class=\"elementor-section elementor-top-section elementor-element elementor-element-1a3197f elementor-section-full_width elementor-section-height-default elementor-section-height-default qodef-backgound-letter-holder-no qodef-elementor-content-no\" data-id=\"1a3197f\" data-element_type=\"section\" data-e-type=\"section\">\n\t\t\t\t\t\t<div class=\"elementor-container elementor-column-gap-default\">\n\t\t\t\t\t<div class=\"elementor-column elementor-col-100 elementor-top-column elementor-element elementor-element-10e9ecc\" data-id=\"10e9ecc\" data-element_type=\"column\" data-e-type=\"column\">\n\t\t\t<div class=\"elementor-widget-wrap elementor-element-populated\">\n\t\t\t\t\t\t<div class=\"elementor-element elementor-element-36f1e5e elementor-widget elementor-widget-spacer\" data-id=\"36f1e5e\" data-element_type=\"widget\" data-e-type=\"widget\" data-widget_type=\"spacer.default\">\n\t\t\t\t<div class=\"elementor-widget-container\">\n\t\t\t\t\t\t\t<div class=\"elementor-spacer\">\n\t\t\t<div class=\"elementor-spacer-inner\"><\/div>\n\t\t<\/div>\n\t\t\t\t\t\t<\/div>\n\t\t\t\t<\/div>\n\t\t\t\t\t<\/div>\n\t\t<\/div>\n\t\t\t\t\t<\/div>\n\t\t<\/section>\n\t\t\t\t<\/div>\n\t\t","protected":false},"excerpt":{"rendered":"<p>About us Founded in the 80&#8217;s in Camacha village, with the aim of producing hight quality bee honey from its own hives. Over time, a challenge of excess production turned into an opportunity to craft typical Madeiran drinks, based on a mix of sugarcane spirit with honey&#8230; A pioneer in the production and commercialization of [&hellip;]<\/p>\n","protected":false},"author":1,"featured_media":0,"parent":0,"menu_order":0,"comment_status":"closed","ping_status":"closed","template":"page-full-width.php","meta":{"footnotes":""},"class_list":["post-13574","page","type-page","status-publish","hentry"],"_links":{"self":[{"href":"https:\/\/apiariosdacamacha.pt\/en\/wp-json\/wp\/v2\/pages\/13574","targetHints":{"allow":["GET"]}}],"collection":[{"href":"https:\/\/apiariosdacamacha.pt\/en\/wp-json\/wp\/v2\/pages"}],"about":[{"href":"https:\/\/apiariosdacamacha.pt\/en\/wp-json\/wp\/v2\/types\/page"}],"author":[{"embeddable":true,"href":"https:\/\/apiariosdacamacha.pt\/en\/wp-json\/wp\/v2\/users\/1"}],"replies":[{"embeddable":true,"href":"https:\/\/apiariosdacamacha.pt\/en\/wp-json\/wp\/v2\/comments?post=13574"}],"version-history":[{"count":10,"href":"https:\/\/apiariosdacamacha.pt\/en\/wp-json\/wp\/v2\/pages\/13574\/revisions"}],"predecessor-version":[{"id":13758,"href":"https:\/\/apiariosdacamacha.pt\/en\/wp-json\/wp\/v2\/pages\/13574\/revisions\/13758"}],"wp:attachment":[{"href":"https:\/\/apiariosdacamacha.pt\/en\/wp-json\/wp\/v2\/media?parent=13574"}],"curies":[{"name":"wp","href":"https:\/\/api.w.org\/{rel}","templated":true}]}}