{"id":13634,"date":"2021-06-17T07:42:37","date_gmt":"2021-06-17T06:42:37","guid":{"rendered":"https:\/\/apiariosdacamacha.pt\/ueber-uns\/"},"modified":"2025-01-20T18:01:49","modified_gmt":"2025-01-20T18:01:49","slug":"ueber-uns","status":"publish","type":"page","link":"https:\/\/apiariosdacamacha.pt\/de\/ueber-uns\/","title":{"rendered":"\u00dcber uns"},"content":{"rendered":"\t\t<div data-elementor-type=\"wp-page\" data-elementor-id=\"13634\" class=\"elementor elementor-13634 elementor-4415\">\n\t\t\t\t\t\t<section class=\"elementor-section elementor-top-section elementor-element elementor-element-7dc83cb elementor-section-full_width elementor-section-height-default elementor-section-height-default qodef-backgound-letter-holder-no qodef-elementor-content-no\" data-id=\"7dc83cb\" data-element_type=\"section\" data-e-type=\"section\">\n\t\t\t\t\t\t<div class=\"elementor-container elementor-column-gap-default\">\n\t\t\t\t\t<div class=\"elementor-column elementor-col-50 elementor-top-column elementor-element elementor-element-7dd9504\" data-id=\"7dd9504\" data-element_type=\"column\" data-e-type=\"column\">\n\t\t\t<div class=\"elementor-widget-wrap elementor-element-populated\">\n\t\t\t\t\t\t<div class=\"elementor-element elementor-element-5c9c7de elementor-widget elementor-widget-laurits_core_section_title\" data-id=\"5c9c7de\" data-element_type=\"widget\" data-e-type=\"widget\" data-widget_type=\"laurits_core_section_title.default\">\n\t\t\t\t<div class=\"elementor-widget-container\">\n\t\t\t\t\t<div class=\"qodef-shortcode qodef-m  qodef-section-title qodef-alignment--left  qodef-appear-animation--no \">\n\t\t<span class=\"qodef-m-tagline\" > <\/span>\n\t\t<h2 class=\"qodef-m-title\" style=\"margin-top: 15px\">\n\t\t\t\t\t\u00dcber uns\t\t\t<\/h2>\n\t\t\t<div class=\"qodef-m-button\">\n\t\t\t<\/div>\n<\/div>\n\t\t\t\t<\/div>\n\t\t\t\t<\/div>\n\t\t\t\t<section class=\"elementor-section elementor-inner-section elementor-element elementor-element-2d013ae elementor-section-full_width elementor-section-height-default elementor-section-height-default qodef-backgound-letter-holder-no qodef-elementor-content-no\" data-id=\"2d013ae\" data-element_type=\"section\" data-e-type=\"section\">\n\t\t\t\t\t\t<div class=\"elementor-container elementor-column-gap-default\">\n\t\t\t\t\t<div class=\"elementor-column elementor-col-50 elementor-inner-column elementor-element elementor-element-ea49944\" data-id=\"ea49944\" data-element_type=\"column\" data-e-type=\"column\">\n\t\t\t<div class=\"elementor-widget-wrap elementor-element-populated\">\n\t\t\t\t\t\t<div class=\"elementor-element elementor-element-198756cb elementor-widget__width-initial elementor-widget-tablet__width-inherit elementor-widget elementor-widget-laurits_core_info_section\" data-id=\"198756cb\" data-element_type=\"widget\" data-e-type=\"widget\" data-widget_type=\"laurits_core_info_section.default\">\n\t\t\t\t<div class=\"elementor-widget-container\">\n\t\t\t\t\t<div class=\"qodef-shortcode qodef-m  qodef-info-section qodef-info-section-540 qodef-layout--default  qodef-title-break--disabled qodef-appear-animation--no qodef-zoom-scroll-animation--no\" >\n\t<div class=\"qodef-m-info qodef-info-top-align\">\n\t\t\t\t\t<h3 class=\"qodef-m-title\" >\n\t\tGegr\u00fcndet in den 80er Jahren\t<\/h3>\n\t\t\t<p class=\"qodef-m-text\" >im Dorf Camacha mit dem Ziel, hochwertigen Bienenhonig aus eigenen Bienenst\u00f6cken zu produzieren. Mit der Zeit wurde aus der Herausforderung der \u00dcberproduktion eine Gelegenheit, typische madeirensische Getr\u00e4nke herzustellen, die auf einer Mischung aus Zuckerrohrschnaps und Honig basieren...<\/p>\n\t\t\t<\/div>\n\t<div class=\"qodef-m-info-bottom\">\n\t\t\t\t<div class=\"qodef-m-item qodef-e\">\n\t<div class=\"qodef-shortcode qodef-m  qodef-social-links qodef-items-direction--vertical qodef-items-underline qodef-items-align--left qodef-appear-animation--no\" data-appearing-delay=\"0\">\t<div class=\"qodef-m-items\">\t\t\t<\/div><\/div><\/div>\t<\/div>\n<\/div>\n\t\t\t\t<\/div>\n\t\t\t\t<\/div>\n\t\t\t\t\t<\/div>\n\t\t<\/div>\n\t\t\t\t<div class=\"elementor-column elementor-col-50 elementor-inner-column elementor-element elementor-element-a36884c\" data-id=\"a36884c\" data-element_type=\"column\" data-e-type=\"column\">\n\t\t\t<div class=\"elementor-widget-wrap elementor-element-populated\">\n\t\t\t\t\t\t<div class=\"elementor-element elementor-element-738730b elementor-widget__width-initial elementor-widget-tablet__width-inherit elementor-widget elementor-widget-laurits_core_info_section\" data-id=\"738730b\" data-element_type=\"widget\" data-e-type=\"widget\" data-widget_type=\"laurits_core_info_section.default\">\n\t\t\t\t<div class=\"elementor-widget-container\">\n\t\t\t\t\t<div class=\"qodef-shortcode qodef-m  qodef-info-section qodef-info-section-986 qodef-layout--default  qodef-title-break--disabled qodef-appear-animation--no qodef-zoom-scroll-animation--no\" >\n\t<div class=\"qodef-m-info qodef-info-top-align\">\n\t\t\t\t\t<h3 class=\"qodef-m-title\" >\n\t\tEin Pionier\t<\/h3>\n\t\t\t<p class=\"qodef-m-text\" >in der Produktion und Vermarktung von Poncha in Flaschen, zu einer regionalen Referenz, die es den Madeirern und denen, die uns besuchen, erm\u00f6glicht, einen traditionellen Poncha mit einzigartigen Aromen zu erleben...<\/p>\n\t\t\t<\/div>\n\t<div class=\"qodef-m-info-bottom\">\n\t\t\t\t<div class=\"qodef-m-item qodef-e\">\n\t<div class=\"qodef-shortcode qodef-m  qodef-social-links qodef-items-direction--vertical qodef-items-underline qodef-items-align--left qodef-appear-animation--no\" data-appearing-delay=\"0\">\t<div class=\"qodef-m-items\">\t\t\t<\/div><\/div><\/div>\t<\/div>\n<\/div>\n\t\t\t\t<\/div>\n\t\t\t\t<\/div>\n\t\t\t\t\t<\/div>\n\t\t<\/div>\n\t\t\t\t\t<\/div>\n\t\t<\/section>\n\t\t\t\t\t<\/div>\n\t\t<\/div>\n\t\t\t\t<div class=\"elementor-column elementor-col-50 elementor-top-column elementor-element elementor-element-d533ada\" data-id=\"d533ada\" data-element_type=\"column\" data-e-type=\"column\">\n\t\t\t<div class=\"elementor-widget-wrap elementor-element-populated\">\n\t\t\t\t\t\t<div class=\"elementor-element elementor-element-115bdf8 elementor-widget__width-auto elementor-widget elementor-widget-laurits_core_single_image\" data-id=\"115bdf8\" data-element_type=\"widget\" data-e-type=\"widget\" data-widget_type=\"laurits_core_single_image.default\">\n\t\t\t\t<div class=\"elementor-widget-container\">\n\t\t\t\t\t<div class=\"qodef-shortcode qodef-m  qodef-single-image qodef-single-image-870 qodef-layout--default  qodef-appear-animation--no qodef-zoom-scroll-animation--no\" data-appearing-delay=\"0\">\n\t<div class=\"qodef-m-image\">\n\t\t\t\t\t<img fetchpriority=\"high\" decoding=\"async\" width=\"1200\" height=\"500\" src=\"https:\/\/apiariosdacamacha.pt\/wp-content\/uploads\/2025\/01\/logo-apiarios-trace.png\" class=\"attachment-full size-full\" alt=\"\" srcset=\"https:\/\/apiariosdacamacha.pt\/wp-content\/uploads\/2025\/01\/logo-apiarios-trace.png 1200w, https:\/\/apiariosdacamacha.pt\/wp-content\/uploads\/2025\/01\/logo-apiarios-trace-300x125.png 300w, https:\/\/apiariosdacamacha.pt\/wp-content\/uploads\/2025\/01\/logo-apiarios-trace-1024x427.png 1024w, https:\/\/apiariosdacamacha.pt\/wp-content\/uploads\/2025\/01\/logo-apiarios-trace-768x320.png 768w\" sizes=\"(max-width: 1200px) 100vw, 1200px\" \/>\t\t\t<\/div>\n<\/div>\n\t\t\t\t<\/div>\n\t\t\t\t<\/div>\n\t\t\t\t\t<\/div>\n\t\t<\/div>\n\t\t\t\t\t<\/div>\n\t\t<\/section>\n\t\t\t\t<section class=\"elementor-section elementor-top-section elementor-element elementor-element-2b28f204 elementor-section-full_width elementor-section-height-min-height elementor-section-items-stretch elementor-reverse-tablet elementor-reverse-mobile elementor-section-height-default qodef-backgound-letter-holder-no qodef-elementor-content-no\" data-id=\"2b28f204\" data-element_type=\"section\" data-e-type=\"section\" data-settings=\"{&quot;background_background&quot;:&quot;classic&quot;}\">\n\t\t\t\t\t\t<div class=\"elementor-container elementor-column-gap-default\">\n\t\t\t\t\t<div class=\"elementor-column elementor-col-50 elementor-top-column elementor-element elementor-element-3637a766\" data-id=\"3637a766\" data-element_type=\"column\" data-e-type=\"column\" data-settings=\"{&quot;background_background&quot;:&quot;classic&quot;}\">\n\t\t\t<div class=\"elementor-widget-wrap elementor-element-populated\">\n\t\t\t\t\t\t<div class=\"elementor-element elementor-element-281702e elementor-widget elementor-widget-image\" data-id=\"281702e\" data-element_type=\"widget\" data-e-type=\"widget\" data-widget_type=\"image.default\">\n\t\t\t\t<div class=\"elementor-widget-container\">\n\t\t\t\t\t\t\t\t\t\t\t\t\t\t\t<img decoding=\"async\" width=\"650\" height=\"650\" src=\"https:\/\/apiariosdacamacha.pt\/wp-content\/uploads\/2025\/01\/apiarios-chef-julio-pereira-650x650.jpg\" class=\"attachment-qi_addons_for_elementor_image_size_square size-qi_addons_for_elementor_image_size_square wp-image-13579\" alt=\"\" srcset=\"https:\/\/apiariosdacamacha.pt\/wp-content\/uploads\/2025\/01\/apiarios-chef-julio-pereira-650x650.jpg 650w, https:\/\/apiariosdacamacha.pt\/wp-content\/uploads\/2025\/01\/apiarios-chef-julio-pereira-150x150.jpg 150w\" sizes=\"(max-width: 650px) 100vw, 650px\" \/>\t\t\t\t\t\t\t\t\t\t\t\t\t\t\t<\/div>\n\t\t\t\t<\/div>\n\t\t\t\t\t<\/div>\n\t\t<\/div>\n\t\t\t\t<div class=\"elementor-column elementor-col-50 elementor-top-column elementor-element elementor-element-433883d2\" data-id=\"433883d2\" data-element_type=\"column\" data-e-type=\"column\" data-settings=\"{&quot;background_background&quot;:&quot;classic&quot;}\">\n\t\t\t<div class=\"elementor-widget-wrap elementor-element-populated\">\n\t\t\t\t\t\t<div class=\"elementor-element elementor-element-53d4eda elementor-widget__width-initial elementor-widget-tablet__width-inherit elementor-widget elementor-widget-laurits_core_info_section\" data-id=\"53d4eda\" data-element_type=\"widget\" data-e-type=\"widget\" data-widget_type=\"laurits_core_info_section.default\">\n\t\t\t\t<div class=\"elementor-widget-container\">\n\t\t\t\t\t<div class=\"qodef-shortcode qodef-m  qodef-info-section qodef-info-section-449 qodef-layout--default  qodef-title-break--disabled qodef-appear-animation--no qodef-zoom-scroll-animation--no\" >\n\t<div class=\"qodef-m-info qodef-info-top-align\">\n\t\t\t<span class=\"qodef-m-tagline\" >\n\t\t \t<\/span>\n\t\t\t<h3 class=\"qodef-m-title\" >\n\t\tSeit 50 Jahren<br \/>\t<\/h3>\n\t\t\t<p class=\"qodef-m-text\" >hat sie sich weiterhin auf die Diversifizierung und Qualit\u00e4t ihrer Produkte konzentriert und eine eigene Reihe von Rumsorten sowie traditionelle Lik\u00f6re entwickelt...<\/p>\n\t\t\t<\/div>\n\t<div class=\"qodef-m-info-bottom\">\n\t\t\t\t<div class=\"qodef-m-item qodef-e\">\n\t<div class=\"qodef-shortcode qodef-m  qodef-social-links qodef-items-direction--vertical qodef-items-underline qodef-items-align--left qodef-appear-animation--no\" data-appearing-delay=\"0\">\t<div class=\"qodef-m-items\">\t\t\t<\/div><\/div><\/div>\t<\/div>\n<\/div>\n\t\t\t\t<\/div>\n\t\t\t\t<\/div>\n\t\t\t\t<div class=\"elementor-element elementor-element-ad552a9 elementor-widget__width-initial elementor-widget-tablet__width-inherit elementor-widget elementor-widget-laurits_core_info_section\" data-id=\"ad552a9\" data-element_type=\"widget\" data-e-type=\"widget\" data-widget_type=\"laurits_core_info_section.default\">\n\t\t\t\t<div class=\"elementor-widget-container\">\n\t\t\t\t\t<div class=\"qodef-shortcode qodef-m  qodef-info-section qodef-info-section-103 qodef-layout--default  qodef-title-break--disabled qodef-appear-animation--no qodef-zoom-scroll-animation--no\" >\n\t<div class=\"qodef-m-info qodef-info-top-align\">\n\t\t\t\t\t<h3 class=\"qodef-m-title\" >\n\t\tUnd heute\t<\/h3>\n\t\t\t<p class=\"qodef-m-text\" >Nach der \u00dcbernahme im Januar 2023 begann das Unternehmen eine neue Etappe unter der Leitung von Chefkoch J\u00falio Pereira, der auch Eigent\u00fcmer von Ch\u00e1bom ist und sich auf regionale S\u00fc\u00dfigkeiten spezialisiert hat. Mit der Vision des Chefkochs J\u00falio wird die Tradition, die die Insel Madeira ausmacht, am Leben erhalten, w\u00e4hrend gleichzeitig die authentischen Aromen der Insel weiterentwickelt und gef\u00f6rdert werden.<\/p>\n\t\t\t<\/div>\n\t<div class=\"qodef-m-info-bottom\">\n\t\t\t\t<div class=\"qodef-m-item qodef-e\">\n\t<div class=\"qodef-shortcode qodef-m  qodef-social-links qodef-items-direction--vertical qodef-items-underline qodef-items-align--left qodef-appear-animation--no\" data-appearing-delay=\"0\">\t<div class=\"qodef-m-items\">\t\t\t<\/div><\/div><\/div>\t<\/div>\n<\/div>\n\t\t\t\t<\/div>\n\t\t\t\t<\/div>\n\t\t\t\t\t<\/div>\n\t\t<\/div>\n\t\t\t\t\t<\/div>\n\t\t<\/section>\n\t\t\t\t<section class=\"elementor-section elementor-top-section elementor-element elementor-element-1a3197f elementor-section-full_width elementor-section-height-default elementor-section-height-default qodef-backgound-letter-holder-no qodef-elementor-content-no\" data-id=\"1a3197f\" data-element_type=\"section\" data-e-type=\"section\">\n\t\t\t\t\t\t<div class=\"elementor-container elementor-column-gap-default\">\n\t\t\t\t\t<div class=\"elementor-column elementor-col-100 elementor-top-column elementor-element elementor-element-10e9ecc\" data-id=\"10e9ecc\" data-element_type=\"column\" data-e-type=\"column\">\n\t\t\t<div class=\"elementor-widget-wrap elementor-element-populated\">\n\t\t\t\t\t\t<div class=\"elementor-element elementor-element-36f1e5e elementor-widget elementor-widget-spacer\" data-id=\"36f1e5e\" data-element_type=\"widget\" data-e-type=\"widget\" data-widget_type=\"spacer.default\">\n\t\t\t\t<div class=\"elementor-widget-container\">\n\t\t\t\t\t\t\t<div class=\"elementor-spacer\">\n\t\t\t<div class=\"elementor-spacer-inner\"><\/div>\n\t\t<\/div>\n\t\t\t\t\t\t<\/div>\n\t\t\t\t<\/div>\n\t\t\t\t\t<\/div>\n\t\t<\/div>\n\t\t\t\t\t<\/div>\n\t\t<\/section>\n\t\t\t\t<\/div>\n\t\t","protected":false},"excerpt":{"rendered":"<p>\u00dcber uns Gegr\u00fcndet in den 80er Jahren im Dorf Camacha mit dem Ziel, hochwertigen Bienenhonig aus eigenen Bienenst\u00f6cken zu produzieren. Mit der Zeit wurde aus der Herausforderung der \u00dcberproduktion eine Gelegenheit, typische madeirensische Getr\u00e4nke herzustellen, die auf einer Mischung aus Zuckerrohrschnaps und Honig basieren&#8230; Ein Pionier in der Produktion und Vermarktung von Poncha in Flaschen, [&hellip;]<\/p>\n","protected":false},"author":1,"featured_media":0,"parent":0,"menu_order":0,"comment_status":"closed","ping_status":"closed","template":"page-full-width.php","meta":{"footnotes":""},"class_list":["post-13634","page","type-page","status-publish","hentry"],"_links":{"self":[{"href":"https:\/\/apiariosdacamacha.pt\/de\/wp-json\/wp\/v2\/pages\/13634","targetHints":{"allow":["GET"]}}],"collection":[{"href":"https:\/\/apiariosdacamacha.pt\/de\/wp-json\/wp\/v2\/pages"}],"about":[{"href":"https:\/\/apiariosdacamacha.pt\/de\/wp-json\/wp\/v2\/types\/page"}],"author":[{"embeddable":true,"href":"https:\/\/apiariosdacamacha.pt\/de\/wp-json\/wp\/v2\/users\/1"}],"replies":[{"embeddable":true,"href":"https:\/\/apiariosdacamacha.pt\/de\/wp-json\/wp\/v2\/comments?post=13634"}],"version-history":[{"count":4,"href":"https:\/\/apiariosdacamacha.pt\/de\/wp-json\/wp\/v2\/pages\/13634\/revisions"}],"predecessor-version":[{"id":13757,"href":"https:\/\/apiariosdacamacha.pt\/de\/wp-json\/wp\/v2\/pages\/13634\/revisions\/13757"}],"wp:attachment":[{"href":"https:\/\/apiariosdacamacha.pt\/de\/wp-json\/wp\/v2\/media?parent=13634"}],"curies":[{"name":"wp","href":"https:\/\/api.w.org\/{rel}","templated":true}]}}